{"id":176,"date":"2022-09-12T17:57:23","date_gmt":"2022-09-12T15:57:23","guid":{"rendered":"https:\/\/news.pan-tora.de\/?page_id=176"},"modified":"2022-10-03T13:06:33","modified_gmt":"2022-10-03T11:06:33","slug":"meditieren-lernen","status":"publish","type":"page","link":"https:\/\/news.pan-tora.de\/?page_id=176","title":{"rendered":"Meditieren lernen"},"content":{"rendered":"<h3 class=\"has-text-align-center\" style=\"text-align: left;\">Geistige Entwicklung f\u00fcr K\u00f6rper und Seele<\/h3>\n<p><img loading=\"lazy\" decoding=\"async\" class=\"alignnone size-medium wp-image-177\" src=\"https:\/\/news.pan-tora.de\/wp-content\/uploads\/2022\/09\/candle-g33ce3170e_640-300x197.jpg\" alt=\"\" width=\"300\" height=\"197\" srcset=\"https:\/\/news.pan-tora.de\/wp-content\/uploads\/2022\/09\/candle-g33ce3170e_640-300x197.jpg 300w, https:\/\/news.pan-tora.de\/wp-content\/uploads\/2022\/09\/candle-g33ce3170e_640.jpg 640w\" sizes=\"auto, (max-width: 300px) 100vw, 300px\" \/><\/p>\n<p style=\"text-align: center;\">Als ich mich selbst zu lieben begann, konnte ich erkennen, dass emotionaler Schmerz und Leid nur Warnungen f\u00fcr mich sind, gegen meine eigene Wahrheit zu leben. Heute wei\u00df ich:<\/p>\n<p style=\"text-align: center;\">Das nennt man AUTHENTISCH SEIN.<\/p>\n<p style=\"text-align: center;\">Als ich mich selbst zu lieben begann, verstand ich, wie sehr es jemanden beeintr\u00e4chtigen kann, wenn ich versuche, diesem Menschen meine W\u00fcnsche aufzuzwingen, auch wenn ich eigentlich wei\u00df, dass der Zeitpunkt nicht stimmt und dieser Mensch nicht dazu bereit ist \u2013 und das gilt auch, wenn dieser Mensch ich selber bin.Heute wei\u00df ich:<\/p>\n<p style=\"text-align: center;\">Das nennt man RESPEKT.<\/p>\n<p style=\"text-align: center;\">Als ich mich selbst zu lieben begann, habe ich aufgeh\u00f6rt, mich nach einem anderen Leben zu sehnen und konnte sehen, dass alles um mich herum eine Aufforderung zum Wachsen war.Heute wei\u00df ich:<\/p>\n<p style=\"text-align: center;\">Das nennt man REIFE.<\/p>\n<p style=\"text-align: center;\">Als ich mich selbst zu lieben begann, habe ich verstanden, dass ich immer und bei jeder Gelegenheit, zur richtigen Zeit am richtigen Ort bin und dass alles, was geschieht, richtig ist \u2013von da an konnte ich gelassen sein.Heute wei\u00df ich:<\/p>\n<p style=\"text-align: center;\">Das nennt man SELBSTVERTRAUEN.<\/p>\n<p style=\"text-align: center;\">Als ich mich selbst zu lieben begann, habe ich aufgeh\u00f6rt, mich meiner freien Zeit zu berauben, und ich habe aufgeh\u00f6rt, weiter grandiose Projekte f\u00fcr die Zukunft zu entwerfen.Heute mache ich nur das, was mir Spa\u00df und Freude macht, was ich liebe und was mein Herz zum Lachen bringt, auf meine eigene Art und Weise und in meinem Tempo.Heute wei\u00df ich:<\/p>\n<p style=\"text-align: center;\">Das nennt man EINFACHHEIT.<\/p>\n<p style=\"text-align: center;\">Als ich mich selbst zu lieben begann, habe ich mich von allem befreit, was nicht gesund f\u00fcr mich war, von Speisen, Menschen, Dingen, Situationen und von Allem, das mich immer wieder hinunterzog, weg von mir selbst.Anfangs nannte ich das \u201eGesunden Egoismus\u201c,aber heute wei\u00df ich:<\/p>\n<p style=\"text-align: center;\">Das ist SELBSTLIEBE.<\/p>\n<p style=\"text-align: center;\">Als ich mich selbst zu lieben begann, habe ich aufgeh\u00f6rt, immer recht haben zu wollen, so habe ich mich weniger geirrt.Heute habe ich erkannt:<\/p>\n<p style=\"text-align: center;\">Das nennt man BESCHEIDENHEIT.<\/p>\n<p style=\"text-align: center;\">Als ich mich selbst zu lieben begann, habe ich mich geweigert, weiter in der Vergangenheit zu leben und mich um meine Zukunft zu sorgen.Jetzt lebe ich nur noch in diesem Augenblick, wo ALLES stattfindet, so lebe ich heute jeden Tag:<\/p>\n<p style=\"text-align: center;\">Und nenne es ERF\u00dcLLUNG.<\/p>\n<p style=\"text-align: center;\">Als ich mich zu lieben begann, da erkannte ich, dass mich mein Denken armselig und krank machen kann.Doch als ich es mit meinem Herzen verbunden hatte, wurde mein Verstand ein wertvoller Verb\u00fcndeter.<\/p>\n<p style=\"text-align: center;\">Diese Verbindung nenne ich heute WEISHEIT DES HERZENS.<\/p>\n<p style=\"text-align: center;\">Wir brauchen uns nicht weiter vor Auseinandersetzungen, Konflikten und Problemen mit uns selbst und anderen f\u00fcrchten, denn sogar Sterne knallen manchmal aufeinander und es entstehen neue Welten.<\/p>\n<p style=\"text-align: center;\">Heute wei\u00df ich: DAS IST DAS LEBEN !<\/p>\n<p>&nbsp;<\/p>\n<p><a href=\"https:\/\/yogananda.org\/de\/geleitete-meditationen\" target=\"_blank\" rel=\"noopener\">Paramahansa Yogananda \u2013 Meditieren lernen<\/a><\/p>\n<p>Viel Spass!!<\/p>\n","protected":false},"excerpt":{"rendered":"<p>Geistige Entwicklung f\u00fcr K\u00f6rper und Seele Als ich mich selbst zu lieben begann, konnte ich erkennen, dass emotionaler Schmerz und [&hellip;]<\/p>\n","protected":false},"author":1,"featured_media":0,"parent":0,"menu_order":0,"comment_status":"closed","ping_status":"closed","template":"","meta":{"footnotes":""},"class_list":["post-176","page","type-page","status-publish","hentry"],"yoast_head":"<!-- This site is optimized with the Yoast SEO plugin v27.4 - https:\/\/yoast.com\/product\/yoast-seo-wordpress\/ -->\n<title>Meditieren lernen - Good News<\/title>\n<meta name=\"robots\" content=\"noindex, follow, max-snippet:-1, max-image-preview:large, max-video-preview:-1\" \/>\n<meta property=\"og:locale\" content=\"de_DE\" \/>\n<meta property=\"og:type\" content=\"article\" \/>\n<meta property=\"og:title\" content=\"Meditieren lernen - Good News\" \/>\n<meta property=\"og:description\" content=\"Geistige Entwicklung f\u00fcr K\u00f6rper und Seele Als ich mich selbst zu lieben begann, konnte ich erkennen, dass emotionaler Schmerz und [&hellip;]\" \/>\n<meta property=\"og:url\" content=\"https:\/\/news.pan-tora.de\/?page_id=176\" \/>\n<meta property=\"og:site_name\" content=\"Good News\" \/>\n<meta property=\"article:modified_time\" content=\"2022-10-03T11:06:33+00:00\" \/>\n<meta property=\"og:image\" content=\"https:\/\/news.pan-tora.de\/wp-content\/uploads\/2022\/09\/candle-g33ce3170e_640-300x197.jpg\" \/>\n<meta name=\"twitter:card\" content=\"summary_large_image\" \/>\n<meta name=\"twitter:label1\" content=\"Gesch\u00e4tzte Lesezeit\" \/>\n\t<meta name=\"twitter:data1\" content=\"3\u00a0Minuten\" \/>\n<script type=\"application\/ld+json\" class=\"yoast-schema-graph\">{\"@context\":\"https:\\\/\\\/schema.org\",\"@graph\":[{\"@type\":\"WebPage\",\"@id\":\"https:\\\/\\\/news.pan-tora.de\\\/?page_id=176\",\"url\":\"https:\\\/\\\/news.pan-tora.de\\\/?page_id=176\",\"name\":\"Meditieren lernen - Good News\",\"isPartOf\":{\"@id\":\"https:\\\/\\\/news.pan-tora.de\\\/#website\"},\"primaryImageOfPage\":{\"@id\":\"https:\\\/\\\/news.pan-tora.de\\\/?page_id=176#primaryimage\"},\"image\":{\"@id\":\"https:\\\/\\\/news.pan-tora.de\\\/?page_id=176#primaryimage\"},\"thumbnailUrl\":\"https:\\\/\\\/news.pan-tora.de\\\/wp-content\\\/uploads\\\/2022\\\/09\\\/candle-g33ce3170e_640-300x197.jpg\",\"datePublished\":\"2022-09-12T15:57:23+00:00\",\"dateModified\":\"2022-10-03T11:06:33+00:00\",\"breadcrumb\":{\"@id\":\"https:\\\/\\\/news.pan-tora.de\\\/?page_id=176#breadcrumb\"},\"inLanguage\":\"de\",\"potentialAction\":[{\"@type\":\"ReadAction\",\"target\":[\"https:\\\/\\\/news.pan-tora.de\\\/?page_id=176\"]}]},{\"@type\":\"ImageObject\",\"inLanguage\":\"de\",\"@id\":\"https:\\\/\\\/news.pan-tora.de\\\/?page_id=176#primaryimage\",\"url\":\"https:\\\/\\\/news.pan-tora.de\\\/wp-content\\\/uploads\\\/2022\\\/09\\\/candle-g33ce3170e_640.jpg\",\"contentUrl\":\"https:\\\/\\\/news.pan-tora.de\\\/wp-content\\\/uploads\\\/2022\\\/09\\\/candle-g33ce3170e_640.jpg\",\"width\":640,\"height\":420},{\"@type\":\"BreadcrumbList\",\"@id\":\"https:\\\/\\\/news.pan-tora.de\\\/?page_id=176#breadcrumb\",\"itemListElement\":[{\"@type\":\"ListItem\",\"position\":1,\"name\":\"Startseite\",\"item\":\"https:\\\/\\\/news.pan-tora.de\\\/\"},{\"@type\":\"ListItem\",\"position\":2,\"name\":\"Meditieren lernen\"}]},{\"@type\":\"WebSite\",\"@id\":\"https:\\\/\\\/news.pan-tora.de\\\/#website\",\"url\":\"https:\\\/\\\/news.pan-tora.de\\\/\",\"name\":\"Good News\",\"description\":\"Der Anfang einer besseren Welt\",\"potentialAction\":[{\"@type\":\"SearchAction\",\"target\":{\"@type\":\"EntryPoint\",\"urlTemplate\":\"https:\\\/\\\/news.pan-tora.de\\\/?s={search_term_string}\"},\"query-input\":{\"@type\":\"PropertyValueSpecification\",\"valueRequired\":true,\"valueName\":\"search_term_string\"}}],\"inLanguage\":\"de\"}]}<\/script>\n<!-- \/ Yoast SEO plugin. -->","yoast_head_json":{"title":"Meditieren lernen - Good News","robots":{"index":"noindex","follow":"follow","max-snippet":"max-snippet:-1","max-image-preview":"max-image-preview:large","max-video-preview":"max-video-preview:-1"},"og_locale":"de_DE","og_type":"article","og_title":"Meditieren lernen - Good News","og_description":"Geistige Entwicklung f\u00fcr K\u00f6rper und Seele Als ich mich selbst zu lieben begann, konnte ich erkennen, dass emotionaler Schmerz und [&hellip;]","og_url":"https:\/\/news.pan-tora.de\/?page_id=176","og_site_name":"Good News","article_modified_time":"2022-10-03T11:06:33+00:00","og_image":[{"url":"https:\/\/news.pan-tora.de\/wp-content\/uploads\/2022\/09\/candle-g33ce3170e_640-300x197.jpg","type":"","width":"","height":""}],"twitter_card":"summary_large_image","twitter_misc":{"Gesch\u00e4tzte Lesezeit":"3\u00a0Minuten"},"schema":{"@context":"https:\/\/schema.org","@graph":[{"@type":"WebPage","@id":"https:\/\/news.pan-tora.de\/?page_id=176","url":"https:\/\/news.pan-tora.de\/?page_id=176","name":"Meditieren lernen - Good News","isPartOf":{"@id":"https:\/\/news.pan-tora.de\/#website"},"primaryImageOfPage":{"@id":"https:\/\/news.pan-tora.de\/?page_id=176#primaryimage"},"image":{"@id":"https:\/\/news.pan-tora.de\/?page_id=176#primaryimage"},"thumbnailUrl":"https:\/\/news.pan-tora.de\/wp-content\/uploads\/2022\/09\/candle-g33ce3170e_640-300x197.jpg","datePublished":"2022-09-12T15:57:23+00:00","dateModified":"2022-10-03T11:06:33+00:00","breadcrumb":{"@id":"https:\/\/news.pan-tora.de\/?page_id=176#breadcrumb"},"inLanguage":"de","potentialAction":[{"@type":"ReadAction","target":["https:\/\/news.pan-tora.de\/?page_id=176"]}]},{"@type":"ImageObject","inLanguage":"de","@id":"https:\/\/news.pan-tora.de\/?page_id=176#primaryimage","url":"https:\/\/news.pan-tora.de\/wp-content\/uploads\/2022\/09\/candle-g33ce3170e_640.jpg","contentUrl":"https:\/\/news.pan-tora.de\/wp-content\/uploads\/2022\/09\/candle-g33ce3170e_640.jpg","width":640,"height":420},{"@type":"BreadcrumbList","@id":"https:\/\/news.pan-tora.de\/?page_id=176#breadcrumb","itemListElement":[{"@type":"ListItem","position":1,"name":"Startseite","item":"https:\/\/news.pan-tora.de\/"},{"@type":"ListItem","position":2,"name":"Meditieren lernen"}]},{"@type":"WebSite","@id":"https:\/\/news.pan-tora.de\/#website","url":"https:\/\/news.pan-tora.de\/","name":"Good News","description":"Der Anfang einer besseren Welt","potentialAction":[{"@type":"SearchAction","target":{"@type":"EntryPoint","urlTemplate":"https:\/\/news.pan-tora.de\/?s={search_term_string}"},"query-input":{"@type":"PropertyValueSpecification","valueRequired":true,"valueName":"search_term_string"}}],"inLanguage":"de"}]}},"_links":{"self":[{"href":"https:\/\/news.pan-tora.de\/index.php?rest_route=\/wp\/v2\/pages\/176","targetHints":{"allow":["GET"]}}],"collection":[{"href":"https:\/\/news.pan-tora.de\/index.php?rest_route=\/wp\/v2\/pages"}],"about":[{"href":"https:\/\/news.pan-tora.de\/index.php?rest_route=\/wp\/v2\/types\/page"}],"author":[{"embeddable":true,"href":"https:\/\/news.pan-tora.de\/index.php?rest_route=\/wp\/v2\/users\/1"}],"replies":[{"embeddable":true,"href":"https:\/\/news.pan-tora.de\/index.php?rest_route=%2Fwp%2Fv2%2Fcomments&post=176"}],"version-history":[{"count":6,"href":"https:\/\/news.pan-tora.de\/index.php?rest_route=\/wp\/v2\/pages\/176\/revisions"}],"predecessor-version":[{"id":186,"href":"https:\/\/news.pan-tora.de\/index.php?rest_route=\/wp\/v2\/pages\/176\/revisions\/186"}],"wp:attachment":[{"href":"https:\/\/news.pan-tora.de\/index.php?rest_route=%2Fwp%2Fv2%2Fmedia&parent=176"}],"curies":[{"name":"wp","href":"https:\/\/api.w.org\/{rel}","templated":true}]}}